{"id":1285,"date":"2023-10-25T13:48:16","date_gmt":"2023-10-25T18:48:16","guid":{"rendered":"http:\/\/sigue.sh.guanajuato.gob.mx\/?page_id=1285"},"modified":"2023-10-25T13:53:06","modified_gmt":"2023-10-25T18:53:06","slug":"informes-presentaciones-y-documentos-de-consulta","status":"publish","type":"page","link":"https:\/\/sigue.sh.guanajuato.gob.mx\/index.php\/informes-presentaciones-y-documentos-de-consulta\/","title":{"rendered":"Informes, presentaciones y documentos de consulta"},"content":{"rendered":"\n<p><a href=\"https:\/\/sh.guanajuato.gob.mx\/wp-content\/uploads\/2023\/10\/LINEAMIENTOS-COMITE-MEJORES-PRACTICAS-CLIMA-2023-PAG-Y-MICROSITIO.pdf\">Lineamientos del comit\u00e9 de selecci\u00f3n de mejores pr\u00e1cticas en materia de clima laboral y cultura organizacional<\/a><\/p>\n","protected":false},"excerpt":{"rendered":"<p>Lineamientos del comit\u00e9 de selecci\u00f3n de mejores pr\u00e1cticas en materia de clima laboral y cultura organizacional<\/p>\n","protected":false},"author":1,"featured_media":0,"parent":0,"menu_order":0,"comment_status":"closed","ping_status":"closed","template":"","meta":{"footnotes":""},"class_list":["post-1285","page","type-page","status-publish","hentry"],"_links":{"self":[{"href":"https:\/\/sigue.sh.guanajuato.gob.mx\/index.php\/wp-json\/wp\/v2\/pages\/1285","targetHints":{"allow":["GET"]}}],"collection":[{"href":"https:\/\/sigue.sh.guanajuato.gob.mx\/index.php\/wp-json\/wp\/v2\/pages"}],"about":[{"href":"https:\/\/sigue.sh.guanajuato.gob.mx\/index.php\/wp-json\/wp\/v2\/types\/page"}],"author":[{"embeddable":true,"href":"https:\/\/sigue.sh.guanajuato.gob.mx\/index.php\/wp-json\/wp\/v2\/users\/1"}],"replies":[{"embeddable":true,"href":"https:\/\/sigue.sh.guanajuato.gob.mx\/index.php\/wp-json\/wp\/v2\/comments?post=1285"}],"version-history":[{"count":2,"href":"https:\/\/sigue.sh.guanajuato.gob.mx\/index.php\/wp-json\/wp\/v2\/pages\/1285\/revisions"}],"predecessor-version":[{"id":1289,"href":"https:\/\/sigue.sh.guanajuato.gob.mx\/index.php\/wp-json\/wp\/v2\/pages\/1285\/revisions\/1289"}],"wp:attachment":[{"href":"https:\/\/sigue.sh.guanajuato.gob.mx\/index.php\/wp-json\/wp\/v2\/media?parent=1285"}],"curies":[{"name":"wp","href":"https:\/\/api.w.org\/{rel}","templated":true}]}}