{"id":168,"date":"2020-04-15T20:13:58","date_gmt":"2020-04-16T01:13:58","guid":{"rendered":"http:\/\/sigue.sh.guanajuato.gob.mx\/?page_id=168"},"modified":"2026-02-23T11:42:40","modified_gmt":"2026-02-23T17:42:40","slug":"clima-laboral","status":"publish","type":"page","link":"https:\/\/sigue.sh.guanajuato.gob.mx\/index.php\/clima-laboral\/","title":{"rendered":"Clima Laboral y Cultura Organizacional:"},"content":{"rendered":"<style>\/*! elementor - v3.6.5 - 27-04-2022 *\/<br \/>\n.elementor-widget-image-box .elementor-image-box-content{width:100%}@media (min-width:768px){.elementor-widget-image-box.elementor-position-left .elementor-image-box-wrapper,.elementor-widget-image-box.elementor-position-right .elementor-image-box-wrapper{display:-webkit-box;display:-ms-flexbox;display:flex}.elementor-widget-image-box.elementor-position-right .elementor-image-box-wrapper{text-align:right;-webkit-box-orient:horizontal;-webkit-box-direction:reverse;-ms-flex-direction:row-reverse;flex-direction:row-reverse}.elementor-widget-image-box.elementor-position-left .elementor-image-box-wrapper{text-align:left;-webkit-box-orient:horizontal;-webkit-box-direction:normal;-ms-flex-direction:row;flex-direction:row}.elementor-widget-image-box.elementor-position-top .elementor-image-box-img{margin:auto}.elementor-widget-image-box.elementor-vertical-align-top .elementor-image-box-wrapper{-webkit-box-align:start;-ms-flex-align:start;align-items:flex-start}.elementor-widget-image-box.elementor-vertical-align-middle .elementor-image-box-wrapper{-webkit-box-align:center;-ms-flex-align:center;align-items:center}.elementor-widget-image-box.elementor-vertical-align-bottom .elementor-image-box-wrapper{-webkit-box-align:end;-ms-flex-align:end;align-items:flex-end}}@media (max-width:767px){.elementor-widget-image-box .elementor-image-box-img{margin-left:auto!important;margin-right:auto!important;margin-bottom:15px}}.elementor-widget-image-box .elementor-image-box-img{display:inline-block}.elementor-widget-image-box .elementor-image-box-title a{color:inherit}.elementor-widget-image-box .elementor-image-box-wrapper{text-align:center}.elementor-widget-image-box .elementor-image-box-description{margin:0}<\/style>\n<figure><a href=\"https:\/\/drive.google.com\/drive\/folders\/1Qsj9SujOPvEiroTQNJ2sdj4ivSYrN4Wx?usp=sharing\"><img loading=\"lazy\" decoding=\"async\" class=\"\" src=\"http:\/\/sigue.sh.guanajuato.gob.mx\/wp-content\/uploads\/2025\/03\/reporte-de-desempeno.png\" alt=\"\" width=\"140\" height=\"140\" \/><\/a><\/figure>\n<h3><a href=\"https:\/\/drive.google.com\/drive\/folders\/1Qsj9SujOPvEiroTQNJ2sdj4ivSYrN4Wx?usp=sharing\">Resultados Generales <\/a><\/h3>\n<p>Descarga los reportes: Dependencias y Entidades \/ Municipios \/ Buenas Pr\u00e1cticas<\/p>\n<figure><a href=\"https:\/\/sigue.sh.guanajuato.gob.mx\/wp-content\/uploads\/2026\/01\/Ficha-t\u00e9cnica-para-inscripci\u00f3n-de-pr\u00e1ctica-2025-1.docx\"><img loading=\"lazy\" decoding=\"async\" class=\"\" src=\"http:\/\/sigue.sh.guanajuato.gob.mx\/wp-content\/uploads\/2025\/03\/icons8-ms-word-512.png\" alt=\"\" width=\"136\" height=\"136\" \/><\/a><\/figure>\n<h3><a href=\"https:\/\/sigue.sh.guanajuato.gob.mx\/wp-content\/uploads\/2026\/01\/Ficha-t\u00e9cnica-para-inscripci\u00f3n-de-pr\u00e1ctica-2025-1.docx\">Ficha T\u00e9cnica Buenas Pr\u00e1cticas<\/a><\/h3>\n<p>Descarga la plantilla que se utiliza para inscribir buenas pr\u00e1cticas en materia de clima laboral y cultura organizacional<\/p>\n<figure><a href=\"https:\/\/sigue.sh.guanajuato.gob.mx\/wp-content\/uploads\/2025\/03\/plantilla_encuestados-2025.xlsx\" target=\"_blank\" rel=\"noopener noreferrer\"><img loading=\"lazy\" decoding=\"async\" class=\"\" src=\"http:\/\/sigue.sh.guanajuato.gob.mx\/wp-content\/uploads\/2025\/03\/icons8-ms-excel-512.png\" alt=\"\" width=\"147\" height=\"147\" \/><\/a><\/figure>\n<h3><a href=\"https:\/\/sigue.sh.guanajuato.gob.mx\/wp-content\/uploads\/2025\/03\/plantilla_encuestados-2025.xlsx\" target=\"_blank\" rel=\"noopener noreferrer\">Plantilla Clima Laboral<\/a><\/h3>\n<p>Descarga la plantilla de Clima laboral que se utiliza para recabar los datos de los servidores p\u00fablicos que ser\u00e1n encuestados.<\/p>\n<figure><a href=\"https:\/\/drive.google.com\/drive\/folders\/1fqwysqytJxpGu7fc0A4TKleDW1B_Rh17?usp=sharing\" target=\"_blank\" rel=\"noopener noreferrer\"><img loading=\"lazy\" decoding=\"async\" class=\"\" src=\"http:\/\/sigue.sh.guanajuato.gob.mx\/wp-content\/uploads\/2026\/01\/Portada-Presentaciones.png\" alt=\"\" width=\"523\" height=\"293\" \/><\/a><\/figure>\n<h3><a href=\"https:\/\/drive.google.com\/drive\/folders\/1fqwysqytJxpGu7fc0A4TKleDW1B_Rh17?usp=sharing\" target=\"_blank\" rel=\"noopener noreferrer\">Descarga las Presentaciones de Clima Laboral y Cultura Organizacional<\/a><\/h3>\n<p><a href=\"https:\/\/sigue.sh.guanajuato.gob.mx\/wp-content\/uploads\/2025\/05\/AVISO-DE-PRIVACIDAD-SIMPLIFICADO-CLIMA-LABORAL-2025.pdf\">\u00a0<\/a><\/p>\n<h3><a href=\"https:\/\/sigue.sh.guanajuato.gob.mx\/wp-content\/uploads\/2025\/05\/AVISO-DE-PRIVACIDAD-SIMPLIFICADO-CLIMA-LABORAL-2025.pdf\"><br \/>\nDa click para descargar el Aviso de Privacidad Simplificado <\/a><\/h3>\n<p><a href=\"https:\/\/sigue.sh.guanajuato.gob.mx\/wp-content\/uploads\/2025\/05\/AVISO-DE-PRIVACIDAD-INTEGRAL-CLIMA-LABORAL-2025.pdf\">\u00a0<\/a><\/p>\n<h3><a href=\"https:\/\/sigue.sh.guanajuato.gob.mx\/wp-content\/uploads\/2025\/05\/AVISO-DE-PRIVACIDAD-INTEGRAL-CLIMA-LABORAL-2025.pdf\"><br \/>\nDa click para descargar el Aviso de Privacidad Integral <\/a><\/h3>\n","protected":false},"excerpt":{"rendered":"<p>Resultados Generales Descarga los reportes: Dependencias y Entidades \/ Municipios \/ Buenas Pr\u00e1cticas Ficha T\u00e9cnica Buenas Pr\u00e1cticas Descarga la plantilla que se utiliza para inscribir buenas pr\u00e1cticas en materia de clima laboral y cultura organizacional Plantilla Clima Laboral Descarga la plantilla de Clima laboral que se utiliza para recabar los datos de los servidores p\u00fablicos [&hellip;]<\/p>\n","protected":false},"author":2,"featured_media":0,"parent":0,"menu_order":0,"comment_status":"closed","ping_status":"closed","template":"","meta":{"footnotes":""},"class_list":["post-168","page","type-page","status-publish","hentry"],"_links":{"self":[{"href":"https:\/\/sigue.sh.guanajuato.gob.mx\/index.php\/wp-json\/wp\/v2\/pages\/168","targetHints":{"allow":["GET"]}}],"collection":[{"href":"https:\/\/sigue.sh.guanajuato.gob.mx\/index.php\/wp-json\/wp\/v2\/pages"}],"about":[{"href":"https:\/\/sigue.sh.guanajuato.gob.mx\/index.php\/wp-json\/wp\/v2\/types\/page"}],"author":[{"embeddable":true,"href":"https:\/\/sigue.sh.guanajuato.gob.mx\/index.php\/wp-json\/wp\/v2\/users\/2"}],"replies":[{"embeddable":true,"href":"https:\/\/sigue.sh.guanajuato.gob.mx\/index.php\/wp-json\/wp\/v2\/comments?post=168"}],"version-history":[{"count":328,"href":"https:\/\/sigue.sh.guanajuato.gob.mx\/index.php\/wp-json\/wp\/v2\/pages\/168\/revisions"}],"predecessor-version":[{"id":1711,"href":"https:\/\/sigue.sh.guanajuato.gob.mx\/index.php\/wp-json\/wp\/v2\/pages\/168\/revisions\/1711"}],"wp:attachment":[{"href":"https:\/\/sigue.sh.guanajuato.gob.mx\/index.php\/wp-json\/wp\/v2\/media?parent=168"}],"curies":[{"name":"wp","href":"https:\/\/api.w.org\/{rel}","templated":true}]}}