{"id":176,"date":"2020-04-15T20:19:36","date_gmt":"2020-04-16T01:19:36","guid":{"rendered":"http:\/\/sigue.sh.guanajuato.gob.mx\/?page_id=176"},"modified":"2022-05-20T13:12:28","modified_gmt":"2022-05-20T18:12:28","slug":"que-es-el-manual-de-procesos-y-procedimientos","status":"publish","type":"page","link":"https:\/\/sigue.sh.guanajuato.gob.mx\/index.php\/que-es-el-manual-de-procesos-y-procedimientos\/","title":{"rendered":"\u00bfQue es el Manual de Procesos y Procedimientos?"},"content":{"rendered":"<style>\/*! elementor - v3.6.5 - 27-04-2022 *\/\n.elementor-widget-image-box .elementor-image-box-content{width:100%}@media (min-width:768px){.elementor-widget-image-box.elementor-position-left .elementor-image-box-wrapper,.elementor-widget-image-box.elementor-position-right .elementor-image-box-wrapper{display:-webkit-box;display:-ms-flexbox;display:flex}.elementor-widget-image-box.elementor-position-right .elementor-image-box-wrapper{text-align:right;-webkit-box-orient:horizontal;-webkit-box-direction:reverse;-ms-flex-direction:row-reverse;flex-direction:row-reverse}.elementor-widget-image-box.elementor-position-left .elementor-image-box-wrapper{text-align:left;-webkit-box-orient:horizontal;-webkit-box-direction:normal;-ms-flex-direction:row;flex-direction:row}.elementor-widget-image-box.elementor-position-top .elementor-image-box-img{margin:auto}.elementor-widget-image-box.elementor-vertical-align-top .elementor-image-box-wrapper{-webkit-box-align:start;-ms-flex-align:start;align-items:flex-start}.elementor-widget-image-box.elementor-vertical-align-middle .elementor-image-box-wrapper{-webkit-box-align:center;-ms-flex-align:center;align-items:center}.elementor-widget-image-box.elementor-vertical-align-bottom .elementor-image-box-wrapper{-webkit-box-align:end;-ms-flex-align:end;align-items:flex-end}}@media (max-width:767px){.elementor-widget-image-box .elementor-image-box-img{margin-left:auto!important;margin-right:auto!important;margin-bottom:15px}}.elementor-widget-image-box .elementor-image-box-img{display:inline-block}.elementor-widget-image-box .elementor-image-box-title a{color:inherit}.elementor-widget-image-box .elementor-image-box-wrapper{text-align:center}.elementor-widget-image-box .elementor-image-box-description{margin:0}<\/style><figure><img loading=\"lazy\" decoding=\"async\" width=\"1042\" height=\"1042\" src=\"http:\/\/sigue.sh.guanajuato.gob.mx\/wp-content\/uploads\/2022\/05\/Imagen-1-Manual-de-Procesos-01.png\" alt=\"\" \/><\/figure><p>Es aquel que permite que una organizaci\u00f3n funcione de manera correcta, debido a que es donde se establecen los estamentos, pol\u00edticas, normas, reglamentos, sanciones y todo aquello concerniente a la gesti\u00f3n de la organizaci\u00f3n.<\/p>\t\t\n\t\t\t<figure><img loading=\"lazy\" decoding=\"async\" width=\"512\" height=\"512\" src=\"http:\/\/sigue.sh.guanajuato.gob.mx\/wp-content\/uploads\/2022\/05\/desktop-computer.png\" alt=\"\" \/><\/figure><p>Este manual debe estar escrito en un lenguaje sencillo, llano y l\u00f3gico. Tambi\u00e9n debe establecer estipulados aplicables para los servidores p\u00fablicos y ser flexible, por si en determinado momento hay que modificarlo de acuerdo a nuevas pol\u00edticas de la instituci\u00f3n.\nUn punto importante es que esta gu\u00eda debe ser le\u00edda por todo el personal de la organizaci\u00f3n, principalmente por aquellos que se reintegran a la instituci\u00f3n y debe contener b\u00e1sicamente: la misi\u00f3n, visi\u00f3n, valores, pol\u00edticas, estrategias, principios, objetivos, funciones y los productos o servicios.<\/p>\t\t\n\t\t<p>Marco Normativo:<\/p>\t\t\n\t\t\t<figure><img loading=\"lazy\" decoding=\"async\" width=\"512\" height=\"512\" src=\"http:\/\/sigue.sh.guanajuato.gob.mx\/wp-content\/uploads\/2022\/05\/newspaper-1.png\" alt=\"\" \/><\/figure><p>La Ley Org\u00e1nica para el Poder Ejecutivo del Estado de Guanajuato (2017), en su art\u00edculo 22, fracci\u00f3n II establece la obligaci\u00f3n de las dependencias del Poder Ejecutivo de:\nElaborar y difundir los manuales de organizaci\u00f3n, de procedimientos y de servicios al p\u00fablico, necesarios para su funcionamiento. Estos instrumentos de apoyo contendr\u00e1n informaci\u00f3n sobre los procedimientos administrativos que se establezcan para facilitar la prestaci\u00f3n del servicio. Los manuales de organizaci\u00f3n deber\u00e1n publicarse en el Peri\u00f3dico Oficial del Gobierno del Estado, y los de procedimientos y de servicios al p\u00fablico deber\u00e1n estar disponibles para consulta de los usuarios y de los propios servidores p\u00fablicos, en medios electr\u00f3nicos institucionales.<\/p>\t\t\n\t\t\t<figure><a href=\"http:\/\/sigue.sh.guanajuato.gob.mx\/wp-content\/uploads\/2022\/05\/Manual-de-Procesos-Gu\u00eda-2022.pdf\"><img loading=\"lazy\" decoding=\"async\" width=\"961\" height=\"538\" src=\"http:\/\/sigue.sh.guanajuato.gob.mx\/wp-content\/uploads\/2022\/05\/Caratula-Manual-de-Procesos.png\" alt=\"\" \/><\/a><\/figure><h3><a href=\"http:\/\/sigue.sh.guanajuato.gob.mx\/wp-content\/uploads\/2022\/05\/Manual-de-Procesos-Gu\u00eda-2022.pdf\">Da click en la imagen para descargar la Gu\u00eda de Procesos<\/a><\/h3>\t\t\n\t\t<p><\/p>\n<figure><\/figure>\n<p><\/p>\n<p style=\"font-size: 21px;\">\u00a0<\/p>\n<figure>\n<figcaption><\/figcaption>\n<\/figure>\n<p><\/p>\n<p><\/p>","protected":false},"excerpt":{"rendered":"<p>Es aquel que permite que una organizaci\u00f3n funcione de manera correcta, debido a que es donde se establecen los estamentos, pol\u00edticas, normas, reglamentos, sanciones y todo aquello concerniente a la gesti\u00f3n de la organizaci\u00f3n. Este manual debe estar escrito en un lenguaje sencillo, llano y l\u00f3gico. Tambi\u00e9n debe establecer estipulados aplicables para los servidores p\u00fablicos [&hellip;]<\/p>\n","protected":false},"author":2,"featured_media":0,"parent":0,"menu_order":0,"comment_status":"closed","ping_status":"closed","template":"","meta":{"footnotes":""},"class_list":["post-176","page","type-page","status-publish","hentry"],"_links":{"self":[{"href":"https:\/\/sigue.sh.guanajuato.gob.mx\/index.php\/wp-json\/wp\/v2\/pages\/176","targetHints":{"allow":["GET"]}}],"collection":[{"href":"https:\/\/sigue.sh.guanajuato.gob.mx\/index.php\/wp-json\/wp\/v2\/pages"}],"about":[{"href":"https:\/\/sigue.sh.guanajuato.gob.mx\/index.php\/wp-json\/wp\/v2\/types\/page"}],"author":[{"embeddable":true,"href":"https:\/\/sigue.sh.guanajuato.gob.mx\/index.php\/wp-json\/wp\/v2\/users\/2"}],"replies":[{"embeddable":true,"href":"https:\/\/sigue.sh.guanajuato.gob.mx\/index.php\/wp-json\/wp\/v2\/comments?post=176"}],"version-history":[{"count":58,"href":"https:\/\/sigue.sh.guanajuato.gob.mx\/index.php\/wp-json\/wp\/v2\/pages\/176\/revisions"}],"predecessor-version":[{"id":889,"href":"https:\/\/sigue.sh.guanajuato.gob.mx\/index.php\/wp-json\/wp\/v2\/pages\/176\/revisions\/889"}],"wp:attachment":[{"href":"https:\/\/sigue.sh.guanajuato.gob.mx\/index.php\/wp-json\/wp\/v2\/media?parent=176"}],"curies":[{"name":"wp","href":"https:\/\/api.w.org\/{rel}","templated":true}]}}