{"id":25,"date":"2020-03-12T16:04:22","date_gmt":"2020-03-12T16:04:22","guid":{"rendered":"http:\/\/sigue.sh.guanajuato.gob.mx\/?page_id=25"},"modified":"2022-05-20T13:46:29","modified_gmt":"2022-05-20T18:46:29","slug":"http-sigue-strc-guanajuato-gob-mx-wp-admin-post-phppost133actionedit","status":"publish","type":"page","link":"https:\/\/sigue.sh.guanajuato.gob.mx\/index.php\/http-sigue-strc-guanajuato-gob-mx-wp-admin-post-phppost133actionedit\/","title":{"rendered":"\u00bfQu\u00e9 es la Gesti\u00f3n P\u00fablica?"},"content":{"rendered":"<style>\/*! elementor - v3.6.5 - 27-04-2022 *\/\n.elementor-widget-image-box .elementor-image-box-content{width:100%}@media (min-width:768px){.elementor-widget-image-box.elementor-position-left .elementor-image-box-wrapper,.elementor-widget-image-box.elementor-position-right .elementor-image-box-wrapper{display:-webkit-box;display:-ms-flexbox;display:flex}.elementor-widget-image-box.elementor-position-right .elementor-image-box-wrapper{text-align:right;-webkit-box-orient:horizontal;-webkit-box-direction:reverse;-ms-flex-direction:row-reverse;flex-direction:row-reverse}.elementor-widget-image-box.elementor-position-left .elementor-image-box-wrapper{text-align:left;-webkit-box-orient:horizontal;-webkit-box-direction:normal;-ms-flex-direction:row;flex-direction:row}.elementor-widget-image-box.elementor-position-top .elementor-image-box-img{margin:auto}.elementor-widget-image-box.elementor-vertical-align-top .elementor-image-box-wrapper{-webkit-box-align:start;-ms-flex-align:start;align-items:flex-start}.elementor-widget-image-box.elementor-vertical-align-middle .elementor-image-box-wrapper{-webkit-box-align:center;-ms-flex-align:center;align-items:center}.elementor-widget-image-box.elementor-vertical-align-bottom .elementor-image-box-wrapper{-webkit-box-align:end;-ms-flex-align:end;align-items:flex-end}}@media (max-width:767px){.elementor-widget-image-box .elementor-image-box-img{margin-left:auto!important;margin-right:auto!important;margin-bottom:15px}}.elementor-widget-image-box .elementor-image-box-img{display:inline-block}.elementor-widget-image-box .elementor-image-box-title a{color:inherit}.elementor-widget-image-box .elementor-image-box-wrapper{text-align:center}.elementor-widget-image-box .elementor-image-box-description{margin:0}<\/style>\n<figure><img decoding=\"async\" width=\"800\"  src=\"http:\/\/sigue.sh.guanajuato.gob.mx\/wp-content\/uploads\/2022\/05\/portada-sigue-clima-02.png\" alt=\"\" \/><\/figure>\n<p>La Direcci\u00f3n General de Mejora de la Gesti\u00f3n P\u00fablica, deber\u00e1 planear, organizar, dirigir y evaluar el trabajo de la Direcci\u00f3n de Mejora Regulatoria.<\/p>\n<p>Funciones que realiza la Unidad Responsable:<\/p>\n<ul>\n<li>I. Supervisar, en colaboraci\u00f3n con las dependencias y entidades del Poder Ejecutivo, los proyectos, programas y acciones que propicien la innovaci\u00f3n y mejoramiento organizacional de la Administraci\u00f3n P\u00fablica Estatal, as\u00ed como impulsar el mejoramiento de tr\u00e1mites y servicios de la administraci\u00f3n p\u00fablica;<\/li>\n<\/ul>\n<ul>\n<li>II. Dise\u00f1ar la pol\u00edtica en materia de mejora de tr\u00e1mites y servicios gubernamentales y simplificaci\u00f3n administrativa y proponerla al Titular de la Subsecretar\u00eda de su adscripci\u00f3n;<\/li>\n<li>III. Supervisar la mejora de tr\u00e1mites y servicios gubernamentales y la simplificaci\u00f3n administrativa, y proponerla al Titular de la Subsecretar\u00eda de su adscripci\u00f3n;<\/li>\n<li>IV. Supervisar, en coordinaci\u00f3n con la Secretar\u00eda de Finanzas, Inversi\u00f3n y Administraci\u00f3n, el proceso de profesionalizaci\u00f3n de los servidores<\/li>\n<\/ul>\n<ul>\n<li>V. Definir y plantear los problemas organizacionales, para su posible soluci\u00f3n a trav\u00e9s de los diversos programas de la Subsecretar\u00eda de su adscripci\u00f3n y de conformidad a sus atribuciones, en las dependencias y entidades de la Administraci\u00f3n P\u00fablica;<\/li>\n<li>VI. Proponer y dar seguimiento a las pol\u00edticas y lineamientos para el desarrollo de la Administraci\u00f3n P\u00fablica, mediante procesos de modernizaci\u00f3n y adecuaci\u00f3n del orden organizacional;<\/li>\n<li>VII. Recomendar estrategias de modernizaci\u00f3n y mejora en la coordinaci\u00f3n entre las dependencias y entidades de la Administraci\u00f3n P\u00fablica Estatal; y<\/li>\n<li>VIII. Elaborar y operar, en colaboraci\u00f3n con las dependencias, entidades y unidades del Poder Ejecutivo, los programas, proyectos y acciones que propicien la modernizaci\u00f3n y mejoramiento organizacional de la Administraci\u00f3n P\u00fablica Estatal.<\/li>\n<\/ul>\n","protected":false},"excerpt":{"rendered":"<p>La Direcci\u00f3n General de Mejora de la Gesti\u00f3n P\u00fablica, deber\u00e1 planear, organizar, dirigir y evaluar el trabajo de la Direcci\u00f3n de Mejora Regulatoria. Funciones que realiza la Unidad Responsable: I. Supervisar, en colaboraci\u00f3n con las dependencias y entidades del Poder Ejecutivo, los proyectos, programas y acciones que propicien la innovaci\u00f3n y mejoramiento organizacional de la [&hellip;]<\/p>\n","protected":false},"author":1,"featured_media":0,"parent":0,"menu_order":0,"comment_status":"closed","ping_status":"closed","template":"","meta":{"footnotes":""},"class_list":["post-25","page","type-page","status-publish","hentry"],"_links":{"self":[{"href":"https:\/\/sigue.sh.guanajuato.gob.mx\/index.php\/wp-json\/wp\/v2\/pages\/25","targetHints":{"allow":["GET"]}}],"collection":[{"href":"https:\/\/sigue.sh.guanajuato.gob.mx\/index.php\/wp-json\/wp\/v2\/pages"}],"about":[{"href":"https:\/\/sigue.sh.guanajuato.gob.mx\/index.php\/wp-json\/wp\/v2\/types\/page"}],"author":[{"embeddable":true,"href":"https:\/\/sigue.sh.guanajuato.gob.mx\/index.php\/wp-json\/wp\/v2\/users\/1"}],"replies":[{"embeddable":true,"href":"https:\/\/sigue.sh.guanajuato.gob.mx\/index.php\/wp-json\/wp\/v2\/comments?post=25"}],"version-history":[{"count":75,"href":"https:\/\/sigue.sh.guanajuato.gob.mx\/index.php\/wp-json\/wp\/v2\/pages\/25\/revisions"}],"predecessor-version":[{"id":923,"href":"https:\/\/sigue.sh.guanajuato.gob.mx\/index.php\/wp-json\/wp\/v2\/pages\/25\/revisions\/923"}],"wp:attachment":[{"href":"https:\/\/sigue.sh.guanajuato.gob.mx\/index.php\/wp-json\/wp\/v2\/media?parent=25"}],"curies":[{"name":"wp","href":"https:\/\/api.w.org\/{rel}","templated":true}]}}