{"id":687,"date":"2022-05-19T10:19:40","date_gmt":"2022-05-19T15:19:40","guid":{"rendered":"http:\/\/sigue.sh.guanajuato.gob.mx\/?page_id=687"},"modified":"2026-02-23T11:56:50","modified_gmt":"2026-02-23T17:56:50","slug":"sigue-gto","status":"publish","type":"page","link":"https:\/\/sigue.sh.guanajuato.gob.mx\/index.php\/sigue-gto\/","title":{"rendered":"Modelo de Calidad SIGUE GTO"},"content":{"rendered":"<style>\/*! elementor - v3.6.5 - 27-04-2022 *\/<br \/>\n.elementor-widget-image-box .elementor-image-box-content{width:100%}@media (min-width:768px){.elementor-widget-image-box.elementor-position-left .elementor-image-box-wrapper,.elementor-widget-image-box.elementor-position-right .elementor-image-box-wrapper{display:-webkit-box;display:-ms-flexbox;display:flex}.elementor-widget-image-box.elementor-position-right .elementor-image-box-wrapper{text-align:right;-webkit-box-orient:horizontal;-webkit-box-direction:reverse;-ms-flex-direction:row-reverse;flex-direction:row-reverse}.elementor-widget-image-box.elementor-position-left .elementor-image-box-wrapper{text-align:left;-webkit-box-orient:horizontal;-webkit-box-direction:normal;-ms-flex-direction:row;flex-direction:row}.elementor-widget-image-box.elementor-position-top .elementor-image-box-img{margin:auto}.elementor-widget-image-box.elementor-vertical-align-top .elementor-image-box-wrapper{-webkit-box-align:start;-ms-flex-align:start;align-items:flex-start}.elementor-widget-image-box.elementor-vertical-align-middle .elementor-image-box-wrapper{-webkit-box-align:center;-ms-flex-align:center;align-items:center}.elementor-widget-image-box.elementor-vertical-align-bottom .elementor-image-box-wrapper{-webkit-box-align:end;-ms-flex-align:end;align-items:flex-end}}@media (max-width:767px){.elementor-widget-image-box .elementor-image-box-img{margin-left:auto!important;margin-right:auto!important;margin-bottom:15px}}.elementor-widget-image-box .elementor-image-box-img{display:inline-block}.elementor-widget-image-box .elementor-image-box-title a{color:inherit}.elementor-widget-image-box .elementor-image-box-wrapper{text-align:center}.elementor-widget-image-box .elementor-image-box-description{margin:0}<\/style>\n<figure><a href=\"https:\/\/drive.google.com\/drive\/folders\/15-L5oCi7RW9KzNLgMJxTi2Gdg6LU5sMZ?usp=sharing\" target=\"_blank\" rel=\"noopener noreferrer\"><img loading=\"lazy\" decoding=\"async\" class=\"\" src=\"http:\/\/sigue.sh.guanajuato.gob.mx\/wp-content\/uploads\/2025\/03\/reporte-de-desempeno.png\" alt=\"\" width=\"130\" height=\"130\" \/><\/a><\/figure>\n<h3><a href=\"https:\/\/drive.google.com\/drive\/folders\/15-L5oCi7RW9KzNLgMJxTi2Gdg6LU5sMZ?usp=sharing\" target=\"_blank\" rel=\"noopener noreferrer\">Resultados SIGUE Guanajuato de Gesti\u00f3n de la Calidad<\/a><\/h3>\n<p>Podr\u00e1s encontrar los resultados de las dependencias y entidades que participaron en la evaluaci\u00f3n del Modelo SIGUE Guanajuato de Gesti\u00f3n de la Calidad.<\/p>\n<figure><a href=\"https:\/\/drive.google.com\/drive\/folders\/116qbH-LmSrFpRdBz8a4jmciKpdRQiNwv?usp=sharing\" target=\"_blank\" rel=\"noopener noreferrer\"><img loading=\"lazy\" decoding=\"async\" class=\"\" src=\"http:\/\/sigue.sh.guanajuato.gob.mx\/wp-content\/uploads\/2024\/04\/Captura-de-pantalla-2024-04-24-123306.png\" alt=\"\" width=\"254\" height=\"314\" \/><\/a><\/figure>\n<h3><a href=\"https:\/\/drive.google.com\/drive\/folders\/116qbH-LmSrFpRdBz8a4jmciKpdRQiNwv?usp=sharing\" target=\"_blank\" rel=\"noopener noreferrer\">Material Descargable<\/a><\/h3>\n<p>P\u00e9riodico Oficial \/ Anexo 1 2026 \/ Buenas Pr\u00e1cticas 2022 \/ Plantilla Campus SH<\/p>\n<figure><a href=\"https:\/\/drive.google.com\/drive\/folders\/1x5YmTKfkFPeUb6ugnJdJ3ag8TqmYNgD8?usp=sharing\" target=\"_blank\" rel=\"noopener noreferrer\"><img loading=\"lazy\" decoding=\"async\" class=\"\" src=\"http:\/\/sigue.sh.guanajuato.gob.mx\/wp-content\/uploads\/2026\/01\/Portada-Presentaci\u00f3n-SIGUE.png\" alt=\"\" width=\"262\" height=\"147\" \/><\/a><\/figure>\n<h3><a href=\"https:\/\/drive.google.com\/drive\/folders\/1x5YmTKfkFPeUb6ugnJdJ3ag8TqmYNgD8?usp=sharing\" target=\"_blank\" rel=\"noopener noreferrer\">Presentaciones SIGUE Guanajuato de Gesti\u00f3n de la Calidad<\/a><\/h3>\n","protected":false},"excerpt":{"rendered":"<p>Resultados SIGUE Guanajuato de Gesti\u00f3n de la Calidad Podr\u00e1s encontrar los resultados de las dependencias y entidades que participaron en la evaluaci\u00f3n del Modelo SIGUE Guanajuato de Gesti\u00f3n de la Calidad. Material Descargable P\u00e9riodico Oficial \/ Anexo 1 2026 \/ Buenas Pr\u00e1cticas 2022 \/ Plantilla Campus SH Presentaciones SIGUE Guanajuato de Gesti\u00f3n de la Calidad<\/p>\n","protected":false},"author":2,"featured_media":0,"parent":0,"menu_order":0,"comment_status":"closed","ping_status":"closed","template":"","meta":{"footnotes":""},"class_list":["post-687","page","type-page","status-publish","hentry"],"_links":{"self":[{"href":"https:\/\/sigue.sh.guanajuato.gob.mx\/index.php\/wp-json\/wp\/v2\/pages\/687","targetHints":{"allow":["GET"]}}],"collection":[{"href":"https:\/\/sigue.sh.guanajuato.gob.mx\/index.php\/wp-json\/wp\/v2\/pages"}],"about":[{"href":"https:\/\/sigue.sh.guanajuato.gob.mx\/index.php\/wp-json\/wp\/v2\/types\/page"}],"author":[{"embeddable":true,"href":"https:\/\/sigue.sh.guanajuato.gob.mx\/index.php\/wp-json\/wp\/v2\/users\/2"}],"replies":[{"embeddable":true,"href":"https:\/\/sigue.sh.guanajuato.gob.mx\/index.php\/wp-json\/wp\/v2\/comments?post=687"}],"version-history":[{"count":235,"href":"https:\/\/sigue.sh.guanajuato.gob.mx\/index.php\/wp-json\/wp\/v2\/pages\/687\/revisions"}],"predecessor-version":[{"id":1712,"href":"https:\/\/sigue.sh.guanajuato.gob.mx\/index.php\/wp-json\/wp\/v2\/pages\/687\/revisions\/1712"}],"wp:attachment":[{"href":"https:\/\/sigue.sh.guanajuato.gob.mx\/index.php\/wp-json\/wp\/v2\/media?parent=687"}],"curies":[{"name":"wp","href":"https:\/\/api.w.org\/{rel}","templated":true}]}}